{"id":32,"date":"2021-03-18T19:04:18","date_gmt":"2021-03-18T19:04:18","guid":{"rendered":"http:\/\/albertorosales.com\/?page_id=32"},"modified":"2021-04-26T12:27:34","modified_gmt":"2021-04-26T12:27:34","slug":"inicio","status":"publish","type":"page","link":"https:\/\/albertorosales.com\/","title":{"rendered":"Inicio"},"content":{"rendered":"<p>[et_pb_section fb_built=\u00bb1&#8243; fullwidth=\u00bbon\u00bb _builder_version=\u00bb4.4.8&#8243;][et_pb_fullwidth_slider _builder_version=\u00bb4.4.8&#8243; header_font=\u00bb|600|||||||\u00bb header_text_color=\u00bb#0c53ce\u00bb header_letter_spacing=\u00bb2px\u00bb body_font_size=\u00bb20px\u00bb custom_padding=\u00bb||266px|||\u00bb][et_pb_slide heading=\u00bbAlberto Rosales Arjona\u00bb button_text=\u00bbC\u00f3rdoba, Gastronom\u00eda, Turismo: \u201cParte del camino recorrido\u201d\u00bb button_link=\u00bbhttps:\/\/albertorosales.com\/?page_id=30&#8243; _builder_version=\u00bb4.4.8&#8243; background_image=\u00bbhttps:\/\/albertorosales.com\/wp-content\/uploads\/2021\/03\/P.Sevilla-44-2.jpg\u00bb background_enable_image=\u00bbon\u00bb text_orientation=\u00bbleft\u00bb background_layout=\u00bblight\u00bb]<\/p>\n<p><a href=\"https:\/\/albertorosales.com\/?page_id=30\">Hostelero de profesi\u00f3n y vocaci\u00f3n<\/a><\/p>\n<p>[\/et_pb_slide][\/et_pb_fullwidth_slider][\/et_pb_section][et_pb_section fb_built=\u00bb1&#8243; fullwidth=\u00bbon\u00bb _builder_version=\u00bb4.4.8&#8243;][et_pb_fullwidth_header title=\u00bbEntrevistas, opiniones y pensamiento\u00bb text_orientation=\u00bbcenter\u00bb _builder_version=\u00bb4.4.8&#8243; custom_padding=\u00bb11px|||||\u00bb][\/et_pb_fullwidth_header][\/et_pb_section][et_pb_section fb_built=\u00bb1&#8243; _builder_version=\u00bb4.4.8&#8243; custom_margin=\u00bb-51px|||||\u00bb][et_pb_row _builder_version=\u00bb4.4.8&#8243;][et_pb_column _builder_version=\u00bb4.4.8&#8243; type=\u00bb4_4&#8243;][et_pb_team_member name=\u00bbAlberto Rosales Arjona\u00bb image_url=\u00bbhttps:\/\/albertorosales.com\/wp-content\/uploads\/2021\/04\/P.Sevilla-24-2.jpg\u00bb position=\u00bbGerente Hosteler\u00eda del Alcazar Viejo, s.l.\u00bb _builder_version=\u00bb4.4.8&#8243; facebook_url=\u00bbhttps:\/\/www.facebook.com\/alberto.rosalesarjona\u00bb hover_enabled=\u00bb0&#8243; title_text=\u00bbP.Sevilla-24 (2)\u00bb]<\/p>\n<p>Nacido en C\u00f3rdoba el xx de xx de 1968<\/p>\n<ul>\n<li>Diplomado en empresariales<\/li>\n<li>Master Mba en Direcci\u00f3n de Empresas San Telmo<\/li>\n<li>Fundador del C\u00f3rdoba Convenci\u00f3n Bureau<\/li>\n<li>Fundador Asociaci\u00f3n C\u00f3rdoba Apetece<\/li>\n<li>Fundador de Fides<\/li>\n<li>Fundador de la Academia de Gastronom\u00eda de C\u00f3rdoba<\/li>\n<li>Fundador Compa\u00f1\u00eda de vuelo AEROL\u00cdNEA Flysur<\/li>\n<li>Vicepresidente de Hostecor<\/li>\n<li>Miembro integrante de la fundaci\u00f3n del Mercado Victoria<\/li>\n<li>Miembro de la Academia de la Gastronom\u00eda de Andaluc\u00eda<\/li>\n<li>Premio Aut\u00f3nomo del a\u00f1o\u00a0 ATA<\/li>\n<li>Gerente de marisquer\u00eda cordobesas<\/li>\n<li>Gerente de Hosteler\u00eda del Alc\u00e1zar viejo<\/li>\n<\/ul>\n<p>&nbsp;<\/p>\n<p style=\"text-align: justify;\">En el a\u00f1o 1983 llega a la empresa Alberto Rosales Ortega ,de las cuales formaban los establecimiento,\u00a0\u00a0 Costasol, Costasur, La bah\u00eda, El faro y el Vivero, siendo el marisco una se\u00f1a de identidad en todos ellos. Alberto Rosales Arjona empieza una transformaci\u00f3n de los negocios familiares, que m\u00e1s tarde se adhiere sus hermanos Jos\u00e9, Isa y Paco.\u00a0 Con el saber hacer en la gastronom\u00eda comienza una nueva andadura adquiriendo en el a\u00f1o 1997 la casa contigua a la Puerta Sevilla, fundando el restaurante en 1999, en 2004 La Taberna la Viuda, siendo la apertura de la Posada el mismo d\u00eda del nombramiento de los patios como patrimonio de la humanidad, Durante todo este tiempo ha liderado este grupo, modificando el Barrio de San basilio y formando parte de la sociedad cordobesa, transformando el turismo y la gastronom\u00eda de nuestra ciudad<\/p>\n<p>&nbsp;<\/p>\n<p>&nbsp;<\/p>\n<p>[\/et_pb_team_member][\/et_pb_column][\/et_pb_row][et_pb_row _builder_version=\u00bb4.4.8&#8243;][et_pb_column type=\u00bb4_4&#8243; _builder_version=\u00bb4.4.8&#8243;][et_pb_blog include_categories=\u00bball\u00bb use_manual_excerpt=\u00bboff\u00bb show_more=\u00bbon\u00bb show_author=\u00bboff\u00bb _builder_version=\u00bb4.4.8&#8243; custom_padding=\u00bb|6px||||\u00bb border_width_all_image=\u00bb9px\u00bb][\/et_pb_blog][\/et_pb_column][\/et_pb_row][\/et_pb_section]<\/p>\n","protected":false},"excerpt":{"rendered":"<p>Hostelero de profesi\u00f3n y vocaci\u00f3nNacido en C\u00f3rdoba el xx de xx de 1968 Diplomado en empresariales Master Mba en Direcci\u00f3n de Empresas San Telmo Fundador del C\u00f3rdoba Convenci\u00f3n Bureau Fundador Asociaci\u00f3n C\u00f3rdoba Apetece Fundador de Fides Fundador de la Academia de Gastronom\u00eda de C\u00f3rdoba Fundador Compa\u00f1\u00eda de vuelo AEROL\u00cdNEA Flysur Vicepresidente de Hostecor Miembro integrante [&hellip;]<\/p>\n","protected":false},"author":1,"featured_media":0,"parent":0,"menu_order":0,"comment_status":"closed","ping_status":"closed","template":"","meta":{"_et_pb_use_builder":"on","_et_pb_old_content":"","_et_gb_content_width":"","footnotes":""},"class_list":["post-32","page","type-page","status-publish","hentry"],"_links":{"self":[{"href":"https:\/\/albertorosales.com\/index.php?rest_route=\/wp\/v2\/pages\/32","targetHints":{"allow":["GET"]}}],"collection":[{"href":"https:\/\/albertorosales.com\/index.php?rest_route=\/wp\/v2\/pages"}],"about":[{"href":"https:\/\/albertorosales.com\/index.php?rest_route=\/wp\/v2\/types\/page"}],"author":[{"embeddable":true,"href":"https:\/\/albertorosales.com\/index.php?rest_route=\/wp\/v2\/users\/1"}],"replies":[{"embeddable":true,"href":"https:\/\/albertorosales.com\/index.php?rest_route=%2Fwp%2Fv2%2Fcomments&post=32"}],"version-history":[{"count":9,"href":"https:\/\/albertorosales.com\/index.php?rest_route=\/wp\/v2\/pages\/32\/revisions"}],"predecessor-version":[{"id":81,"href":"https:\/\/albertorosales.com\/index.php?rest_route=\/wp\/v2\/pages\/32\/revisions\/81"}],"wp:attachment":[{"href":"https:\/\/albertorosales.com\/index.php?rest_route=%2Fwp%2Fv2%2Fmedia&parent=32"}],"curies":[{"name":"wp","href":"https:\/\/api.w.org\/{rel}","templated":true}]}}