{"id":83,"date":"2021-05-09T17:04:34","date_gmt":"2021-05-09T17:04:34","guid":{"rendered":"http:\/\/albertorosales.com\/?page_id=83"},"modified":"2021-05-19T13:11:17","modified_gmt":"2021-05-19T13:11:17","slug":"entrevistas-diario-cordoba","status":"publish","type":"page","link":"https:\/\/albertorosales.com\/?page_id=83","title":{"rendered":"Entrevistas Diario C\u00f3rdoba"},"content":{"rendered":"<p>[et_pb_section fb_built=\u00bb1&#8243; _builder_version=\u00bb4.4.8&#8243;][et_pb_row _builder_version=\u00bb4.4.8&#8243;][et_pb_column type=\u00bb4_4&#8243; _builder_version=\u00bb4.4.8&#8243;][et_pb_text _builder_version=\u00bb4.4.8&#8243; hover_enabled=\u00bb0&#8243; border_width_all=\u00bb2px\u00bb border_color_all=\u00bb#0c71c3&#8243; background_color=\u00bb#d6d6d6&#8243;]<\/p>\n<h1 style=\"text-align: center;\"><span style=\"font-weight: 400;\">Serie de entrevistas del Diario C\u00f3rdoba, efectuadas por Alberto Rosales \u00abEntre Pucheros\u00bb<\/span><\/h1>\n<p><span style=\"font-weight: 400;\">Alberto Rosales Arjona\u00a0 con sus art\u00edculos en Diario C\u00f3rdoba,\u00a0 \u00abEntre Pucheros\u00bb,\u00a0 ha conseguido que semana tras semana tengamos una visi\u00f3n empresarial y cercana de los restauradores de C\u00f3rdoba. Magn\u00edfica iniciativa que contribuye al conocimiento del buen hacer de nuestra hosteler\u00eda y que de alguna manera homenajea el buen hacer de a\u00f1os de experiencia al arte culinario pero tambi\u00e9n a la econom\u00eda Cordobesa. Lejos de que pensemos que todo lo de fuera es bueno y que todo lo de dentro no puede ser mejor, curiosamente la exigente clientela, degustadores todos , pagadores y servidos son los que han puesto el list\u00f3n alto para que nuestros restauradores sean referente junto a sus equipos y que todos los que vienen ya saben donde est\u00e1 m\u00ednimo.<\/span><\/p>\n<p>[\/et_pb_text][et_pb_blog include_categories=\u00bb8&#8243; _builder_version=\u00bb4.4.8&#8243;][\/et_pb_blog][\/et_pb_column][\/et_pb_row][\/et_pb_section]<\/p>\n","protected":false},"excerpt":{"rendered":"<p>Serie de entrevistas del Diario C\u00f3rdoba, efectuadas por Alberto Rosales \u00abEntre Pucheros\u00bb Alberto Rosales Arjona\u00a0 con sus art\u00edculos en Diario C\u00f3rdoba,\u00a0 \u00abEntre Pucheros\u00bb,\u00a0 ha conseguido que semana tras semana tengamos una visi\u00f3n empresarial y cercana de los restauradores de C\u00f3rdoba. Magn\u00edfica iniciativa que contribuye al conocimiento del buen hacer de nuestra hosteler\u00eda y que de [&hellip;]<\/p>\n","protected":false},"author":1,"featured_media":0,"parent":0,"menu_order":0,"comment_status":"closed","ping_status":"closed","template":"","meta":{"_et_pb_use_builder":"on","_et_pb_old_content":"","_et_gb_content_width":"","footnotes":""},"class_list":["post-83","page","type-page","status-publish","hentry"],"_links":{"self":[{"href":"https:\/\/albertorosales.com\/index.php?rest_route=\/wp\/v2\/pages\/83","targetHints":{"allow":["GET"]}}],"collection":[{"href":"https:\/\/albertorosales.com\/index.php?rest_route=\/wp\/v2\/pages"}],"about":[{"href":"https:\/\/albertorosales.com\/index.php?rest_route=\/wp\/v2\/types\/page"}],"author":[{"embeddable":true,"href":"https:\/\/albertorosales.com\/index.php?rest_route=\/wp\/v2\/users\/1"}],"replies":[{"embeddable":true,"href":"https:\/\/albertorosales.com\/index.php?rest_route=%2Fwp%2Fv2%2Fcomments&post=83"}],"version-history":[{"count":8,"href":"https:\/\/albertorosales.com\/index.php?rest_route=\/wp\/v2\/pages\/83\/revisions"}],"predecessor-version":[{"id":144,"href":"https:\/\/albertorosales.com\/index.php?rest_route=\/wp\/v2\/pages\/83\/revisions\/144"}],"wp:attachment":[{"href":"https:\/\/albertorosales.com\/index.php?rest_route=%2Fwp%2Fv2%2Fmedia&parent=83"}],"curies":[{"name":"wp","href":"https:\/\/api.w.org\/{rel}","templated":true}]}}